{"id":667,"date":"2025-05-27T15:10:50","date_gmt":"2025-05-27T20:10:50","guid":{"rendered":"https:\/\/villasolera.es\/?page_id=667"},"modified":"2025-05-30T10:47:51","modified_gmt":"2025-05-30T15:47:51","slug":"aviso-legal","status":"publish","type":"page","link":"https:\/\/villasolera.es\/?page_id=667","title":{"rendered":"aviso legal"},"content":{"rendered":"\t\t<div data-elementor-type=\"wp-page\" data-elementor-id=\"667\" class=\"elementor elementor-667\" data-elementor-post-type=\"page\">\n\t\t\t\t<div class=\"elementor-element elementor-element-ea63459 e-flex e-con-boxed e-con e-parent\" data-id=\"ea63459\" data-element_type=\"container\">\n\t\t\t\t\t<div class=\"e-con-inner\">\n\t\t\t\t<div class=\"elementor-element elementor-element-81c1d48 elementor-widget elementor-widget-text-editor\" data-id=\"81c1d48\" data-element_type=\"widget\" data-widget_type=\"text-editor.default\">\n\t\t\t\t<div class=\"elementor-widget-container\">\n\t\t\t\t\t\t\t\t\t<h2 data-start=\"313\" data-end=\"342\"><b>Aviso Legal \u2013 Villa Solera<\/b><\/h2>\n<p data-start=\"344\" data-end=\"388\"><strong data-start=\"344\" data-end=\"388\">\u00daltima actualizaci\u00f3n: 27 de mayo de 2025<\/strong><\/p>\n<p data-start=\"390\" data-end=\"701\">En cumplimiento con el deber de informaci\u00f3n recogido en el art\u00edculo 10 de la <strong data-start=\"467\" data-end=\"482\">Ley 34\/2002<\/strong>, de 11 de julio, de <strong data-start=\"503\" data-end=\"586\">Servicios de la Sociedad de la Informaci\u00f3n y del Comercio Electr\u00f3nico (LSSI-CE)<\/strong>, se informa a los usuarios del sitio web <a href=\"https:\/\/villasolera.es\" target=\"_new\" rel=\"noopener\" data-start=\"628\" data-end=\"676\">https:\/\/villasolera.es<\/a> de los siguientes datos:<\/p>\n<hr data-start=\"703\" data-end=\"706\">\n<h3 data-start=\"708\" data-end=\"736\"><b>1. Datos identificativos<\/b><\/h3>\n<ul data-start=\"738\" data-end=\"1003\">\n<li data-start=\"738\" data-end=\"776\">\n<p data-start=\"740\" data-end=\"776\"><strong data-start=\"740\" data-end=\"761\">Nombre comercial:<\/strong> Villa Solera<\/p>\n<\/li>\n<li data-start=\"777\" data-end=\"832\">\n<p data-start=\"779\" data-end=\"832\"><strong data-start=\"835\" data-end=\"849\" style=\"background-color: transparent;\">Direcci\u00f3n:<\/strong><span style=\"background-color: transparent;\"> Calle Hoja, 5, 03115 Alicante, Espa\u00f1a<\/span><\/p><\/li><li data-start=\"833\" data-end=\"889\"><p data-start=\"582\" data-end=\"795\"><span data-start=\"674\" data-end=\"709\" style=\"font-weight: bolder;\">Tel\u00e9fono :<\/span>&nbsp;+34670462707<a rel=\"noopener\" data-start=\"710\" data-end=\"729\" style=\"background-color: rgb(255, 255, 255); color: rgb(122, 122, 122);\">&nbsp;<\/a><\/p><\/li><li data-start=\"833\" data-end=\"889\"><div><strong data-start=\"892\" data-end=\"915\" style=\"background-color: transparent;\">Correo electr\u00f3nico:<\/strong><span style=\"background-color: transparent;\"> <\/span><a rel=\"noopener\" data-start=\"916\" data-end=\"935\" style=\"color: rgb(122, 122, 122);\">info@villasolera.es<\/a><\/div><\/li>\n<li data-start=\"938\" data-end=\"1003\">\n<p data-start=\"940\" data-end=\"1003\"><strong data-start=\"940\" data-end=\"954\">Sitio web:<\/strong> <a href=\"https:\/\/villasolera.es\" target=\"_new\" rel=\"noopener\" data-start=\"955\" data-end=\"1003\">https:\/\/villasolera.es<\/a><\/p>\n<\/li>\n<\/ul>\n<hr data-start=\"1005\" data-end=\"1008\">\n<h3 data-start=\"1010\" data-end=\"1051\"><b>2. Propiedad intelectual e industrial<\/b><\/h3>\n<p data-start=\"1053\" data-end=\"1316\">Todos los contenidos del sitio web (textos, im\u00e1genes, logotipos, dise\u00f1o, c\u00f3digo fuente, etc.) son propiedad de Villa Solera o cuentan con los derechos necesarios para su uso, y est\u00e1n protegidos por la legislaci\u00f3n espa\u00f1ola sobre propiedad intelectual e industrial.<\/p>\n<p data-start=\"1318\" data-end=\"1437\">Queda prohibida su reproducci\u00f3n, distribuci\u00f3n o modificaci\u00f3n sin la autorizaci\u00f3n expresa y por escrito de Villa Solera.<\/p>\n<hr data-start=\"1439\" data-end=\"1442\">\n<h3 data-start=\"1444\" data-end=\"1466\"><b>3. Responsabilidad<\/b><\/h3>\n<p data-start=\"1468\" data-end=\"1507\">Villa Solera no se hace responsable de:<\/p>\n<ul data-start=\"1509\" data-end=\"1755\">\n<li data-start=\"1509\" data-end=\"1600\">\n<p data-start=\"1511\" data-end=\"1600\">La informaci\u00f3n publicada por terceros en este sitio web o a trav\u00e9s de enlaces externos.<\/p>\n<\/li>\n<li data-start=\"1601\" data-end=\"1684\">\n<p data-start=\"1603\" data-end=\"1684\">Los da\u00f1os o perjuicios derivados del uso de este sitio web o de sus contenidos.<\/p>\n<\/li>\n<li data-start=\"1685\" data-end=\"1755\">\n<p data-start=\"1687\" data-end=\"1755\">La interrupci\u00f3n del servicio o errores t\u00e9cnicos ajenos a su control.<\/p>\n<\/li>\n<\/ul>\n<p data-start=\"1757\" data-end=\"1895\">No obstante, se tomar\u00e1n todas las medidas t\u00e9cnicas y humanas posibles para garantizar el correcto funcionamiento y la seguridad del sitio.<\/p>\n<hr data-start=\"1897\" data-end=\"1900\">\n<h3 data-start=\"1902\" data-end=\"1928\"><b>4. Pol\u00edtica de enlaces<\/b><\/h3>\n<p data-start=\"1930\" data-end=\"2181\">El sitio web puede contener enlaces a p\u00e1ginas de terceros. Villa Solera no se responsabiliza del contenido de dichas p\u00e1ginas ni de sus pol\u00edticas de privacidad o condiciones legales. El acceso a estas p\u00e1ginas ser\u00e1 responsabilidad exclusiva del usuario.<\/p>\n<hr data-start=\"2183\" data-end=\"2186\">\n<h3 data-start=\"2188\" data-end=\"2214\"><b>5. Protecci\u00f3n de datos<\/b><\/h3>\n<p data-start=\"2216\" data-end=\"2496\">El uso de datos personales por parte de Villa Solera se rige por la <strong data-start=\"2284\" data-end=\"2310\">Pol\u00edtica de Privacidad<\/strong>, en cumplimiento del <strong data-start=\"2332\" data-end=\"2384\">Reglamento General de Protecci\u00f3n de Datos (RGPD)<\/strong> y la <strong data-start=\"2390\" data-end=\"2413\">Ley Org\u00e1nica 3\/2018<\/strong>, de Protecci\u00f3n de Datos Personales y garant\u00eda de los derechos digitales (LOPDGDD).<\/p>\n<hr data-start=\"2498\" data-end=\"2501\">\n<h3 data-start=\"2503\" data-end=\"2546\"><b>6. Legislaci\u00f3n aplicable y jurisdicci\u00f3n<\/b><\/h3>\n<p data-start=\"2548\" data-end=\"2833\">Las presentes condiciones se rigen por la legislaci\u00f3n espa\u00f1ola. Cualquier controversia que pudiera derivarse del acceso o uso de este sitio web ser\u00e1 sometida a los juzgados y tribunales de la ciudad de <strong data-start=\"2750\" data-end=\"2762\">Alicante<\/strong>, con renuncia expresa a cualquier otro fuero que pudiera corresponder.<\/p>\t\t\t\t\t\t\t\t<\/div>\n\t\t\t\t<\/div>\n\t\t\t\t\t<\/div>\n\t\t\t\t<\/div>\n\t\t\t\t<\/div>\n\t\t","protected":false},"excerpt":{"rendered":"<p>Aviso Legal \u2013 Villa Solera \u00daltima actualizaci\u00f3n: 27 de mayo de 2025 En cumplimiento con el deber de informaci\u00f3n recogido en el art\u00edculo 10 de la Ley 34\/2002, de 11 de julio, de Servicios de la Sociedad de la Informaci\u00f3n y del Comercio Electr\u00f3nico (LSSI-CE), se informa a los usuarios del sitio web https:\/\/villasolera.es de [&hellip;]<\/p>\n","protected":false},"author":1,"featured_media":0,"parent":0,"menu_order":0,"comment_status":"closed","ping_status":"closed","template":"","meta":{"_joinchat":[],"footnotes":""},"class_list":["post-667","page","type-page","status-publish","hentry"],"_links":{"self":[{"href":"https:\/\/villasolera.es\/index.php?rest_route=\/wp\/v2\/pages\/667","targetHints":{"allow":["GET"]}}],"collection":[{"href":"https:\/\/villasolera.es\/index.php?rest_route=\/wp\/v2\/pages"}],"about":[{"href":"https:\/\/villasolera.es\/index.php?rest_route=\/wp\/v2\/types\/page"}],"author":[{"embeddable":true,"href":"https:\/\/villasolera.es\/index.php?rest_route=\/wp\/v2\/users\/1"}],"replies":[{"embeddable":true,"href":"https:\/\/villasolera.es\/index.php?rest_route=%2Fwp%2Fv2%2Fcomments&post=667"}],"version-history":[{"count":8,"href":"https:\/\/villasolera.es\/index.php?rest_route=\/wp\/v2\/pages\/667\/revisions"}],"predecessor-version":[{"id":810,"href":"https:\/\/villasolera.es\/index.php?rest_route=\/wp\/v2\/pages\/667\/revisions\/810"}],"wp:attachment":[{"href":"https:\/\/villasolera.es\/index.php?rest_route=%2Fwp%2Fv2%2Fmedia&parent=667"}],"curies":[{"name":"wp","href":"https:\/\/api.w.org\/{rel}","templated":true}]}}