{"id":642,"date":"2025-05-27T14:43:53","date_gmt":"2025-05-27T19:43:53","guid":{"rendered":"https:\/\/villasolera.es\/?page_id=642"},"modified":"2025-05-27T15:15:40","modified_gmt":"2025-05-27T20:15:40","slug":"politica-de-cookies-villa-solera","status":"publish","type":"page","link":"https:\/\/villasolera.es\/?page_id=642","title":{"rendered":"Pol\u00edtica de Cookies \u2013 Villa Solera"},"content":{"rendered":"\t\t<div data-elementor-type=\"wp-page\" data-elementor-id=\"642\" class=\"elementor elementor-642\" data-elementor-post-type=\"page\">\n\t\t\t\t<div class=\"elementor-element elementor-element-fa45013 e-flex e-con-boxed e-con e-parent\" data-id=\"fa45013\" data-element_type=\"container\">\n\t\t\t\t\t<div class=\"e-con-inner\">\n\t\t\t\t<div class=\"elementor-element elementor-element-87f368c elementor-widget elementor-widget-text-editor\" data-id=\"87f368c\" data-element_type=\"widget\" data-widget_type=\"text-editor.default\">\n\t\t\t\t<div class=\"elementor-widget-container\">\n\t\t\t\t\t\t\t\t\t<h2 data-start=\"371\" data-end=\"408\"><strong>Pol\u00edtica de Cookies \u2013 Villa Solera<\/strong><\/h2>\n<p data-start=\"410\" data-end=\"454\"><strong>\u00daltima actualizaci\u00f3n: 27 de mayo de 2025<\/strong><\/p>\n<p data-start=\"456\" data-end=\"690\">En <strong data-start=\"459\" data-end=\"475\">Villa Solera<\/strong> utilizamos cookies con el objetivo de ofrecerle una mejor experiencia de navegaci\u00f3n, mejorar nuestros servicios y mostrarle informaci\u00f3n personalizada en caso de que se utilicen herramientas de an\u00e1lisis o marketing.<\/p>\n<p data-start=\"692\" data-end=\"831\">Al navegar por nuestro sitio web <a class=\"\" href=\"https:\/\/villasolera.es\" target=\"_new\" rel=\"noopener\" data-start=\"725\" data-end=\"773\">https:\/\/villasolera.es<\/a>, usted acepta el uso de cookies conforme a esta Pol\u00edtica.<\/p>\n<h3 data-start=\"838\" data-end=\"866\"><strong>1. \u00bfQu\u00e9 son las cookies?<\/strong><\/h3>\n<p data-start=\"868\" data-end=\"1159\">Las cookies son peque\u00f1os archivos de texto que se almacenan en su dispositivo (ordenador, tablet, smartphone&#8230;) cuando visita una p\u00e1gina web. Su uso permite a la web recordar informaci\u00f3n sobre su visita, como el idioma preferido, el tipo de navegador utilizado o estad\u00edsticas de navegaci\u00f3n.<\/p>\n<hr data-start=\"1161\" data-end=\"1164\">\n<h3 data-start=\"1166\" data-end=\"1200\"><strong>2. Tipos de cookies utilizadas<\/strong><\/h3>\n<p data-start=\"1202\" data-end=\"1282\">El sitio web de <strong data-start=\"1218\" data-end=\"1234\">Villa Solera<\/strong> puede utilizar los siguientes tipos de cookies:<\/p>\n<h4 data-start=\"1284\" data-end=\"1323\"><b>a) Cookies t\u00e9cnicas (obligatorias)<\/b><\/h4>\n<p data-start=\"1324\" data-end=\"1453\">Permiten la navegaci\u00f3n por el sitio web y el uso de sus funcionalidades b\u00e1sicas. Son necesarias para el funcionamiento del sitio.<\/p>\n<ul data-start=\"1455\" data-end=\"1528\">\n<li data-start=\"1455\" data-end=\"1528\">\n<p data-start=\"1457\" data-end=\"1528\"><strong data-start=\"1457\" data-end=\"1469\">Ejemplo:<\/strong> recordar la aceptaci\u00f3n de cookies, gesti\u00f3n de sesi\u00f3n, etc.<\/p>\n<\/li>\n<\/ul>\n<h4 data-start=\"1530\" data-end=\"1568\"><b>b) Cookies de an\u00e1lisis (opcional)<\/b><\/h4>\n<p data-start=\"1569\" data-end=\"1690\">Nos permiten conocer c\u00f3mo interact\u00faan los usuarios con el sitio web, recopilando informaci\u00f3n de forma an\u00f3nima y agregada.<\/p>\n<ul data-start=\"1692\" data-end=\"1723\">\n<li data-start=\"1692\" data-end=\"1723\">\n<p data-start=\"1694\" data-end=\"1723\"><strong data-start=\"1694\" data-end=\"1706\">Ejemplo:<\/strong> Google Analytics<\/p>\n<\/li>\n<\/ul>\n<blockquote data-start=\"1725\" data-end=\"1841\">\n<p data-start=\"1727\" data-end=\"1841\">Estas cookies solo se instalar\u00e1n si usted las acepta expresamente a trav\u00e9s del banner de configuraci\u00f3n de cookies.<\/p>\n<\/blockquote>\n<h4 data-start=\"1843\" data-end=\"1870\"><b>c) Cookies de terceros<\/b><\/h4>\n<p data-start=\"1871\" data-end=\"2026\">En algunas p\u00e1ginas se pueden incrustar contenidos o funciones de terceros (como mapas de Google o redes sociales), que pueden instalar sus propias cookies.<\/p>\n<h3 data-start=\"2033\" data-end=\"2072\"><strong>3. Gesti\u00f3n y eliminaci\u00f3n de cookies<\/strong><\/h3>\n<p data-start=\"2074\" data-end=\"2226\">Al acceder a nuestro sitio por primera vez, se le mostrar\u00e1 un aviso de cookies. Puede aceptar todas, rechazarlas o configurarlas seg\u00fan sus preferencias.<\/p>\n<p data-start=\"2228\" data-end=\"2318\">Adem\u00e1s, puede cambiar la configuraci\u00f3n de cookies en cualquier momento desde su navegador:<\/p>\n<ul data-start=\"2320\" data-end=\"2767\">\n<li data-start=\"2320\" data-end=\"2405\">\n<p data-start=\"2322\" data-end=\"2405\"><strong data-start=\"2322\" data-end=\"2340\">Google Chrome:<\/strong> <a class=\"cursor-pointer\" target=\"_new\" rel=\"noopener\" data-start=\"2341\" data-end=\"2403\">Enlace<\/a><\/p>\n<\/li>\n<li data-start=\"2406\" data-end=\"2527\">\n<p data-start=\"2408\" data-end=\"2527\"><strong data-start=\"2408\" data-end=\"2428\">Mozilla Firefox:<\/strong> <a class=\"\" href=\"https:\/\/support.mozilla.org\/es\/kb\/habilitar-y-deshabilitar-cookies-sitios-web-rastrear\" target=\"_new\" rel=\"noopener\" data-start=\"2429\" data-end=\"2525\">Enlace<\/a><\/p>\n<\/li>\n<li data-start=\"2528\" data-end=\"2612\">\n<p data-start=\"2530\" data-end=\"2612\"><strong data-start=\"2530\" data-end=\"2541\">Safari:<\/strong> <a class=\"\" href=\"https:\/\/support.apple.com\/es-es\/guide\/safari\/sfri11471\/mac\" target=\"_new\" rel=\"noopener\" data-start=\"2542\" data-end=\"2610\">Enlace<\/a><\/p>\n<\/li>\n<li data-start=\"2613\" data-end=\"2767\">\n<p data-start=\"2615\" data-end=\"2767\"><strong data-start=\"2615\" data-end=\"2634\">Microsoft Edge:<\/strong> <a class=\"\" href=\"https:\/\/support.microsoft.com\/es-es\/microsoft-edge\/eliminar-cookies-en-microsoft-edge-63947406-40ac-c3b8-57b9-2a946a29ae09\" target=\"_new\" rel=\"noopener\" data-start=\"2635\" data-end=\"2767\">Enlace<\/a><\/p>\n<\/li>\n<\/ul>\n<h3 data-start=\"2774\" data-end=\"2811\"><b>4. Transferencias internacionales<\/b><\/h3>\n<p data-start=\"2813\" data-end=\"3044\">En caso de utilizar cookies de terceros, como Google Analytics, es posible que los datos se transfieran fuera del Espacio Econ\u00f3mico Europeo. En tales casos, se garantizar\u00e1 que se realicen bajo mecanismos adecuados conforme al RGPD.<\/p>\n<hr data-start=\"3046\" data-end=\"3049\">\n<h3 data-start=\"3051\" data-end=\"3091\"><b>5. Cambios en la Pol\u00edtica de Cookies<\/b><\/h3>\n<p data-start=\"3093\" data-end=\"3277\">Villa Solera puede modificar esta Pol\u00edtica de Cookies cuando se introduzcan cambios en el sitio web o en la legislaci\u00f3n aplicable. Le recomendamos revisar esta pol\u00edtica peri\u00f3dicamente.<\/p>\n<h3 data-start=\"3284\" data-end=\"3299\"><b>6. Contacto<\/b><\/h3>\n<p data-start=\"3301\" data-end=\"3392\">Si tiene dudas sobre esta Pol\u00edtica de Cookies, puede escribirnos a: <strong data-start=\"3369\" data-end=\"3392\"><a class=\"cursor-pointer\" rel=\"noopener\" data-start=\"3371\" data-end=\"3390\">info@villasolera.es<\/a><\/strong><\/p>\t\t\t\t\t\t\t\t<\/div>\n\t\t\t\t<\/div>\n\t\t\t\t\t<\/div>\n\t\t\t\t<\/div>\n\t\t\t\t<\/div>\n\t\t","protected":false},"excerpt":{"rendered":"<p>Pol\u00edtica de Cookies \u2013 Villa Solera \u00daltima actualizaci\u00f3n: 27 de mayo de 2025 En Villa Solera utilizamos cookies con el objetivo de ofrecerle una mejor experiencia de navegaci\u00f3n, mejorar nuestros servicios y mostrarle informaci\u00f3n personalizada en caso de que se utilicen herramientas de an\u00e1lisis o marketing. Al navegar por nuestro sitio web https:\/\/villasolera.es, usted acepta [&hellip;]<\/p>\n","protected":false},"author":1,"featured_media":0,"parent":0,"menu_order":0,"comment_status":"closed","ping_status":"closed","template":"","meta":{"_joinchat":[],"footnotes":""},"class_list":["post-642","page","type-page","status-publish","hentry"],"_links":{"self":[{"href":"https:\/\/villasolera.es\/index.php?rest_route=\/wp\/v2\/pages\/642","targetHints":{"allow":["GET"]}}],"collection":[{"href":"https:\/\/villasolera.es\/index.php?rest_route=\/wp\/v2\/pages"}],"about":[{"href":"https:\/\/villasolera.es\/index.php?rest_route=\/wp\/v2\/types\/page"}],"author":[{"embeddable":true,"href":"https:\/\/villasolera.es\/index.php?rest_route=\/wp\/v2\/users\/1"}],"replies":[{"embeddable":true,"href":"https:\/\/villasolera.es\/index.php?rest_route=%2Fwp%2Fv2%2Fcomments&post=642"}],"version-history":[{"count":11,"href":"https:\/\/villasolera.es\/index.php?rest_route=\/wp\/v2\/pages\/642\/revisions"}],"predecessor-version":[{"id":662,"href":"https:\/\/villasolera.es\/index.php?rest_route=\/wp\/v2\/pages\/642\/revisions\/662"}],"wp:attachment":[{"href":"https:\/\/villasolera.es\/index.php?rest_route=%2Fwp%2Fv2%2Fmedia&parent=642"}],"curies":[{"name":"wp","href":"https:\/\/api.w.org\/{rel}","templated":true}]}}