{"id":3,"date":"2025-01-25T10:33:29","date_gmt":"2025-01-25T15:33:29","guid":{"rendered":"https:\/\/villasolera.es\/?page_id=3"},"modified":"2025-05-30T10:43:02","modified_gmt":"2025-05-30T15:43:02","slug":"politica-privacidad","status":"publish","type":"page","link":"https:\/\/villasolera.es\/?page_id=3","title":{"rendered":"Pol\u00edtica de privacidad"},"content":{"rendered":"\t\t<div data-elementor-type=\"wp-page\" data-elementor-id=\"3\" class=\"elementor elementor-3\" data-elementor-post-type=\"page\">\n\t\t\t\t<div class=\"elementor-element elementor-element-594607a0 e-flex e-con-boxed e-con e-parent\" data-id=\"594607a0\" data-element_type=\"container\">\n\t\t\t\t\t<div class=\"e-con-inner\">\n\t\t\t\t<div class=\"elementor-element elementor-element-5a1681c6 elementor-widget elementor-widget-text-editor\" data-id=\"5a1681c6\" data-element_type=\"widget\" data-widget_type=\"text-editor.default\">\n\t\t\t\t<div class=\"elementor-widget-container\">\n\t\t\t\t\t\t\t\t\t<h2 data-start=\"140\" data-end=\"180\"><strong>Pol\u00edtica de Privacidad \u2013 Villa Solera<\/strong><\/h2>\n<p data-start=\"182\" data-end=\"231\"><span data-start=\"182\" data-end=\"231\"><b>Fecha de entrada en vigor: 27 de mayo de 2025<\/b><\/span><\/p>\n<p data-start=\"233\" data-end=\"539\">En <strong data-start=\"236\" data-end=\"252\">Villa Solera<\/strong>, nos comprometemos a proteger y respetar su privacidad. Esta Pol\u00edtica de Privacidad describe c\u00f3mo recopilamos, usamos y protegemos los datos personales que nos proporciona a trav\u00e9s de nuestro sitio web <a href=\"https:\/\/villasolera.es\" target=\"_new\" rel=\"noopener\" data-start=\"455\" data-end=\"503\">https:\/\/villasolera.es<\/a> o mediante comunicaciones directas.<\/p>\n<h3 data-start=\"546\" data-end=\"580\"><b>1. Responsable del tratamiento<\/b><\/h3>\n<p data-start=\"582\" data-end=\"795\"><strong data-start=\"582\" data-end=\"603\">Nombre comercial:<\/strong> Villa Solera<br data-start=\"616\" data-end=\"619\"><strong data-start=\"619\" data-end=\"633\">Direcci\u00f3n:<\/strong> Calle Hoja, 5, 03115 Alicante, Espa\u00f1a<br data-start=\"671\" data-end=\"674\"><strong data-start=\"674\" data-end=\"709\">Correo electr\u00f3nico de contacto:<\/strong> <a rel=\"noopener\" data-start=\"710\" data-end=\"729\">info@villasolera.es<\/a><\/p>\n<p data-start=\"582\" data-end=\"795\">\n<\/p><p data-start=\"582\" data-end=\"795\"><span style=\"font-weight: bolder;\" data-start=\"674\" data-end=\"709\">Tel\u00e9fono :<\/span>&nbsp;+34670462707<a rel=\"noopener\" data-start=\"710\" data-end=\"729\" style=\"color: rgb(122, 122, 122); background-color: rgb(255, 255, 255);\">&nbsp;<\/a><\/p>\n<p data-start=\"582\" data-end=\"795\"><strong data-start=\"732\" data-end=\"746\">Sitio web:<\/strong> <a href=\"https:\/\/villasolera.es\" target=\"_new\" rel=\"noopener\" data-start=\"747\" data-end=\"795\">https:\/\/villasolera.es<\/a><\/p>\n<h3 data-start=\"802\" data-end=\"830\"><b>2. Datos que recopilamos<\/b><\/h3>\n<p data-start=\"832\" data-end=\"1039\">Recopilamos \u00fanicamente los datos personales que usted nos proporciona de forma voluntaria a trav\u00e9s de formularios de contacto, correos electr\u00f3nicos u otras formas de comunicaci\u00f3n. Estos datos pueden incluir:<\/p>\n<ul data-start=\"1041\" data-end=\"1172\">\n<li data-start=\"1041\" data-end=\"1063\">\n<p data-start=\"1043\" data-end=\"1063\">Nombre y apellidos<\/p>\n<\/li>\n<li data-start=\"1064\" data-end=\"1099\">\n<p data-start=\"1066\" data-end=\"1099\">Direcci\u00f3n de correo electr\u00f3nico<\/p>\n<\/li>\n<li data-start=\"1100\" data-end=\"1122\">\n<p data-start=\"1102\" data-end=\"1122\">N\u00famero de tel\u00e9fono<\/p>\n<\/li>\n<li data-start=\"1123\" data-end=\"1172\">\n<p data-start=\"1125\" data-end=\"1172\">Fechas de estancia o detalles de su solicitud<\/p>\n<\/li>\n<\/ul>\n<h3 data-start=\"1179\" data-end=\"1211\"><b>3. Finalidad del tratamiento<\/b><\/h3>\n<p data-start=\"1213\" data-end=\"1266\">Los datos se utilizan con las siguientes finalidades:<\/p>\n<ul data-start=\"1268\" data-end=\"1457\">\n<li data-start=\"1268\" data-end=\"1319\">\n<p data-start=\"1270\" data-end=\"1319\">Gestionar y responder a consultas o solicitudes<\/p>\n<\/li>\n<li data-start=\"1320\" data-end=\"1382\">\n<p data-start=\"1322\" data-end=\"1382\">Mantener una base de datos interna de clientes y contactos<\/p>\n<\/li>\n<li data-start=\"1383\" data-end=\"1457\">\n<p data-start=\"1385\" data-end=\"1457\">Enviar informaci\u00f3n directamente relacionada con su consulta o estancia<\/p>\n<\/li>\n<\/ul>\n<p data-start=\"1459\" data-end=\"1520\"><span style=\"color: inherit; font-family: inherit; font-size: 1.75rem;\"><b>4. Legitimaci\u00f3n<\/b><\/span><\/p>\n<p data-start=\"1548\" data-end=\"1587\">El tratamiento de sus datos se basa en:<\/p>\n<ul data-start=\"1589\" data-end=\"1760\">\n<li data-start=\"1589\" data-end=\"1646\">\n<p data-start=\"1591\" data-end=\"1646\">Su consentimiento expl\u00edcito al contactar con nosotros<\/p>\n<\/li>\n<li data-start=\"1647\" data-end=\"1760\">\n<p data-start=\"1649\" data-end=\"1760\">El inter\u00e9s leg\u00edtimo de Villa Solera para mantener una comunicaci\u00f3n eficaz con clientes y personas interesadas<\/p>\n<\/li>\n<\/ul>\n<h3 data-start=\"1767\" data-end=\"1799\"><b>5. Conservaci\u00f3n de los datos<\/b><\/h3>\n<p data-start=\"1801\" data-end=\"1975\">Sus datos personales se conservar\u00e1n \u00fanicamente durante el tiempo necesario para cumplir con la finalidad para la que fueron recabados o hasta que usted solicite su supresi\u00f3n.<\/p>\n<hr data-start=\"1977\" data-end=\"1980\">\n<h3 data-start=\"1982\" data-end=\"2015\"><b>6. Destinatarios de los datos<\/b><\/h3>\n<p data-start=\"2017\" data-end=\"2085\">Sus datos no ser\u00e1n compartidos con terceros, salvo obligaci\u00f3n legal.<\/p>\n<h3 data-start=\"2092\" data-end=\"2121\"><b>7. Seguridad de los datos<\/b><\/h3>\n<p data-start=\"2123\" data-end=\"2279\">Adoptamos medidas t\u00e9cnicas y organizativas adecuadas para proteger sus datos personales y evitar su alteraci\u00f3n, p\u00e9rdida, tratamiento o acceso no autorizado.<\/p>\n<h3 data-start=\"2286\" data-end=\"2313\"><b>8. Derechos del usuario<\/b><\/h3>\n<p data-start=\"2315\" data-end=\"2337\">Usted tiene derecho a:<\/p>\n<ul data-start=\"2339\" data-end=\"2499\">\n<li data-start=\"2339\" data-end=\"2373\">\n<p data-start=\"2341\" data-end=\"2373\">Acceder a sus datos personales<\/p>\n<\/li>\n<li data-start=\"2374\" data-end=\"2416\">\n<p data-start=\"2376\" data-end=\"2416\">Solicitar su rectificaci\u00f3n o supresi\u00f3n<\/p>\n<\/li>\n<li data-start=\"2417\" data-end=\"2456\">\n<p data-start=\"2419\" data-end=\"2456\">Limitar u oponerse a su tratamiento<\/p>\n<\/li>\n<li data-start=\"2457\" data-end=\"2499\">\n<p data-start=\"2459\" data-end=\"2499\">Solicitar la portabilidad de sus datos<\/p>\n<\/li>\n<\/ul>\n<p data-start=\"2501\" data-end=\"2638\">Para ejercer estos derechos, puede enviar una solicitud a <strong data-start=\"2559\" data-end=\"2582\"><a rel=\"noopener\" data-start=\"2561\" data-end=\"2580\">info@villasolera.es<\/a><\/strong>, adjuntando copia de un documento oficial de identidad.<\/p>\n<p data-start=\"2640\" data-end=\"2833\">Si considera que sus derechos no han sido adecuadamente atendidos, puede presentar una reclamaci\u00f3n ante la <strong data-start=\"2747\" data-end=\"2797\">Agencia Espa\u00f1ola de Protecci\u00f3n de Datos (AEPD)<\/strong>: <a href=\"https:\/\/www.aepd.es\" target=\"_new\" rel=\"noopener\" data-start=\"2799\" data-end=\"2833\">www.aepd.es<\/a><\/p>\n<h3 data-start=\"2840\" data-end=\"2871\"><b>9. Cambios en esta pol\u00edtica<\/b><\/h3>\n<p data-start=\"2873\" data-end=\"3038\">Villa Solera podr\u00e1 actualizar esta Pol\u00edtica de Privacidad para adaptarla a cambios normativos o de funcionamiento. Cualquier cambio ser\u00e1 publicado en este sitio web.<\/p>\t\t\t\t\t\t\t\t<\/div>\n\t\t\t\t<\/div>\n\t\t\t\t\t<\/div>\n\t\t\t\t<\/div>\n\t\t\t\t<\/div>\n\t\t","protected":false},"excerpt":{"rendered":"<p>Pol\u00edtica de Privacidad \u2013 Villa Solera Fecha de entrada en vigor: 27 de mayo de 2025 En Villa Solera, nos comprometemos a proteger y respetar su privacidad. Esta Pol\u00edtica de Privacidad describe c\u00f3mo recopilamos, usamos y protegemos los datos personales que nos proporciona a trav\u00e9s de nuestro sitio web https:\/\/villasolera.es o mediante comunicaciones directas. 1. [&hellip;]<\/p>\n","protected":false},"author":1,"featured_media":0,"parent":0,"menu_order":0,"comment_status":"closed","ping_status":"closed","template":"","meta":{"_joinchat":[],"footnotes":""},"class_list":["post-3","page","type-page","status-publish","hentry"],"_links":{"self":[{"href":"https:\/\/villasolera.es\/index.php?rest_route=\/wp\/v2\/pages\/3","targetHints":{"allow":["GET"]}}],"collection":[{"href":"https:\/\/villasolera.es\/index.php?rest_route=\/wp\/v2\/pages"}],"about":[{"href":"https:\/\/villasolera.es\/index.php?rest_route=\/wp\/v2\/types\/page"}],"author":[{"embeddable":true,"href":"https:\/\/villasolera.es\/index.php?rest_route=\/wp\/v2\/users\/1"}],"replies":[{"embeddable":true,"href":"https:\/\/villasolera.es\/index.php?rest_route=%2Fwp%2Fv2%2Fcomments&post=3"}],"version-history":[{"count":16,"href":"https:\/\/villasolera.es\/index.php?rest_route=\/wp\/v2\/pages\/3\/revisions"}],"predecessor-version":[{"id":807,"href":"https:\/\/villasolera.es\/index.php?rest_route=\/wp\/v2\/pages\/3\/revisions\/807"}],"wp:attachment":[{"href":"https:\/\/villasolera.es\/index.php?rest_route=%2Fwp%2Fv2%2Fmedia&parent=3"}],"curies":[{"name":"wp","href":"https:\/\/api.w.org\/{rel}","templated":true}]}}